{"id":277,"date":"2017-01-01T17:52:52","date_gmt":"2017-01-01T16:52:52","guid":{"rendered":"http:\/\/colline-venterol-provence.eu\/?page_id=277"},"modified":"2019-08-25T17:16:23","modified_gmt":"2019-08-25T15:16:23","slug":"localisation","status":"publish","type":"page","link":"https:\/\/colline-venterol-provence.eu\/?page_id=277","title":{"rendered":"Localisation"},"content":{"rendered":"\n<p><\/p>\n\n\n<p>L&#8217;adresse postale de la villa est 490 route de Vinsobres \u00e0 26110 Venterol. Peu de GPS connaissent cette adresse. Il vaut donc mieux encoder 490 Cl\u00e9duny \u00e0 26110 Venterol. Vous pouvez aussi utiliser les coordonn\u00e9es latitude\/longitude : 44\u00b023&#8217;04.1&#8243;N 5\u00b005&#8217;23.0&#8243;E<\/p>\n<p>La villa est accessible via la route montant dans les collines (D619) depuis Venterol vers Vinsobres. Elle se trouve 500 m apr\u00e8s le d\u00e9but de la route, sur la droite. La visualisation propos\u00e9e par google maps en version satellite ne tient pas compte de l&#8217;am\u00e9nagement r\u00e9cent de la terrasse.<\/p>\n\n\n<figure class=\"wp-block-image\"><img loading=\"lazy\" width=\"700\" height=\"456\" src=\"http:\/\/colline-venterol-provence.eu\/wp-content\/uploads\/2019\/08\/Capture-d\u2019e\u0301cran-2019-08-25-a\u0300-16.32.23-700x456.png\" alt=\"\" class=\"wp-image-832\" srcset=\"https:\/\/colline-venterol-provence.eu\/wp-content\/uploads\/2019\/08\/Capture-d\u2019e\u0301cran-2019-08-25-a\u0300-16.32.23-700x456.png 700w, https:\/\/colline-venterol-provence.eu\/wp-content\/uploads\/2019\/08\/Capture-d\u2019e\u0301cran-2019-08-25-a\u0300-16.32.23-300x195.png 300w, https:\/\/colline-venterol-provence.eu\/wp-content\/uploads\/2019\/08\/Capture-d\u2019e\u0301cran-2019-08-25-a\u0300-16.32.23-768x500.png 768w, https:\/\/colline-venterol-provence.eu\/wp-content\/uploads\/2019\/08\/Capture-d\u2019e\u0301cran-2019-08-25-a\u0300-16.32.23-800x521.png 800w\" sizes=\"(max-width: 700px) 100vw, 700px\" \/><\/figure>\n\n\n\n<figure class=\"wp-block-image\"><img loading=\"lazy\" width=\"700\" height=\"399\" src=\"http:\/\/colline-venterol-provence.eu\/wp-content\/uploads\/2019\/08\/Capture-d\u2019e\u0301cran-2019-08-25-a\u0300-16.34.18-700x399.png\" alt=\"\" class=\"wp-image-831\" srcset=\"https:\/\/colline-venterol-provence.eu\/wp-content\/uploads\/2019\/08\/Capture-d\u2019e\u0301cran-2019-08-25-a\u0300-16.34.18-700x399.png 700w, https:\/\/colline-venterol-provence.eu\/wp-content\/uploads\/2019\/08\/Capture-d\u2019e\u0301cran-2019-08-25-a\u0300-16.34.18-300x171.png 300w, https:\/\/colline-venterol-provence.eu\/wp-content\/uploads\/2019\/08\/Capture-d\u2019e\u0301cran-2019-08-25-a\u0300-16.34.18-768x438.png 768w, https:\/\/colline-venterol-provence.eu\/wp-content\/uploads\/2019\/08\/Capture-d\u2019e\u0301cran-2019-08-25-a\u0300-16.34.18-800x456.png 800w, https:\/\/colline-venterol-provence.eu\/wp-content\/uploads\/2019\/08\/Capture-d\u2019e\u0301cran-2019-08-25-a\u0300-16.34.18.png 1718w\" sizes=\"(max-width: 700px) 100vw, 700px\" \/><\/figure>\n\n\n<p>La ville de Nyons connue pour ses olives et son grand march\u00e9 proven\u00e7al est \u00e0 4 km. Vous y trouverez plusieurs supermarch\u00e9s ainsi qu&#8217;un cin\u00e9ma et de tr\u00e8s nombreux restaurants. Il y a \u00e9galement deux restaurants dans le village de Venterol. Vous trouverez aussi \u00e0 Valr\u00e9as un hypermarch\u00e9 (\u00e0 moins de 8 km, \u00e0 l&#8217;entr\u00e9e de la ville en venant de Venterol) et de nombreux commerces.<\/p>\n<p>Les collines avoisinantes sont id\u00e9ales pour les promenades p\u00e9destres. La r\u00e9gion est \u00e9galement tr\u00e8s appr\u00e9ci\u00e9e des cyclistes.<\/p>\n<p>A titre indicatif, la villa est situ\u00e9e \u00e0<\/p>\n<ul>\n<li>4 km de Nyons<\/li>\n<li>22 km de Vaison la Romaine<\/li>\n<li>27 km de Dieulefit<\/li>\n<li>50 km du sommet du Mont Ventoux<\/li>\n<li>75 km d&#8217;Avignon<\/li>\n<li>650 km de Paris<\/li>\n<li>920 km de Bruxelles<\/li>\n<\/ul>","protected":false},"excerpt":{"rendered":"<p>L&#8217;adresse postale de la villa est 490 route de Vinsobres \u00e0 26110 Venterol. Peu de GPS connaissent cette adresse. Il vaut donc mieux encoder 490 Cl\u00e9duny \u00e0 26110 Venterol. Vous pouvez aussi utiliser les coordonn\u00e9es latitude\/longitude : 44\u00b023&#8217;04.1&#8243;N 5\u00b005&#8217;23.0&#8243;E La villa est accessible via la route montant dans les collines (D619) depuis Venterol vers Vinsobres&#8230;.<\/p>\n","protected":false},"author":1,"featured_media":0,"parent":0,"menu_order":0,"comment_status":"closed","ping_status":"closed","template":"","meta":[],"_links":{"self":[{"href":"https:\/\/colline-venterol-provence.eu\/index.php?rest_route=\/wp\/v2\/pages\/277"}],"collection":[{"href":"https:\/\/colline-venterol-provence.eu\/index.php?rest_route=\/wp\/v2\/pages"}],"about":[{"href":"https:\/\/colline-venterol-provence.eu\/index.php?rest_route=\/wp\/v2\/types\/page"}],"author":[{"embeddable":true,"href":"https:\/\/colline-venterol-provence.eu\/index.php?rest_route=\/wp\/v2\/users\/1"}],"replies":[{"embeddable":true,"href":"https:\/\/colline-venterol-provence.eu\/index.php?rest_route=%2Fwp%2Fv2%2Fcomments&post=277"}],"version-history":[{"count":16,"href":"https:\/\/colline-venterol-provence.eu\/index.php?rest_route=\/wp\/v2\/pages\/277\/revisions"}],"predecessor-version":[{"id":853,"href":"https:\/\/colline-venterol-provence.eu\/index.php?rest_route=\/wp\/v2\/pages\/277\/revisions\/853"}],"wp:attachment":[{"href":"https:\/\/colline-venterol-provence.eu\/index.php?rest_route=%2Fwp%2Fv2%2Fmedia&parent=277"}],"curies":[{"name":"wp","href":"https:\/\/api.w.org\/{rel}","templated":true}]}}