{"id":288,"date":"2017-01-01T18:59:26","date_gmt":"2017-01-01T17:59:26","guid":{"rendered":"http:\/\/colline-venterol-provence.eu\/?page_id=288"},"modified":"2023-04-22T14:31:44","modified_gmt":"2023-04-22T12:31:44","slug":"tarifs","status":"publish","type":"page","link":"https:\/\/colline-venterol-provence.eu\/?page_id=288","title":{"rendered":"Disponibilit\u00e9"},"content":{"rendered":"<p>Un <a href=\"https:\/\/www.papvacances.fr\/annonce\/location-maison-nyons-r207400931\">calendrier<\/a> mis \u00e0 jour tr\u00e8s r\u00e9guli\u00e8rement est disponible sur le site PAPVacances. Il reprend \u00e9galement les prix selon les p\u00e9riodes.<\/p>\n<ul>\n<li>Une r\u00e9duction de 10% est accord\u00e9e sur tout s\u00e9jour de 2 semaines ou plus.<\/li>\n<li>Normalement, nous ne louons pas pour moins de trois nuits mais n&#8217;h\u00e9sitez pas \u00e0 nous contacter si vous avez une demande particuli\u00e8re.<\/li>\n<li>Pour les s\u00e9jours d&#8217;une semaine ou plus, nous pouvons mettre du linge de lit et\/ou de bain \u00e0 disposition. Un suppl\u00e9ment de 10\u20ac par personne est alors demand\u00e9.<\/li>\n<li>La caution de 750\u20ac est normalement revers\u00e9e dans la semaine qui suit le d\u00e9part. Pour les s\u00e9jours courts, cette caution peut-\u00eatre r\u00e9duite.<\/li>\n<\/ul>\n\n\n<p><\/p>\n","protected":false},"excerpt":{"rendered":"<p>Un calendrier mis \u00e0 jour tr\u00e8s r\u00e9guli\u00e8rement est disponible sur le site PAPVacances. Il reprend \u00e9galement les prix selon les p\u00e9riodes. Une r\u00e9duction de 10% est accord\u00e9e sur tout s\u00e9jour de 2 semaines ou plus. Normalement, nous ne louons pas pour moins de trois nuits mais n&#8217;h\u00e9sitez pas \u00e0 nous contacter si vous avez une&#8230;<\/p>\n","protected":false},"author":1,"featured_media":0,"parent":0,"menu_order":0,"comment_status":"closed","ping_status":"closed","template":"","meta":[],"_links":{"self":[{"href":"https:\/\/colline-venterol-provence.eu\/index.php?rest_route=\/wp\/v2\/pages\/288"}],"collection":[{"href":"https:\/\/colline-venterol-provence.eu\/index.php?rest_route=\/wp\/v2\/pages"}],"about":[{"href":"https:\/\/colline-venterol-provence.eu\/index.php?rest_route=\/wp\/v2\/types\/page"}],"author":[{"embeddable":true,"href":"https:\/\/colline-venterol-provence.eu\/index.php?rest_route=\/wp\/v2\/users\/1"}],"replies":[{"embeddable":true,"href":"https:\/\/colline-venterol-provence.eu\/index.php?rest_route=%2Fwp%2Fv2%2Fcomments&post=288"}],"version-history":[{"count":20,"href":"https:\/\/colline-venterol-provence.eu\/index.php?rest_route=\/wp\/v2\/pages\/288\/revisions"}],"predecessor-version":[{"id":882,"href":"https:\/\/colline-venterol-provence.eu\/index.php?rest_route=\/wp\/v2\/pages\/288\/revisions\/882"}],"wp:attachment":[{"href":"https:\/\/colline-venterol-provence.eu\/index.php?rest_route=%2Fwp%2Fv2%2Fmedia&parent=288"}],"curies":[{"name":"wp","href":"https:\/\/api.w.org\/{rel}","templated":true}]}}