{"id":313,"date":"2017-01-01T19:42:06","date_gmt":"2017-01-01T18:42:06","guid":{"rendered":"http:\/\/colline-venterol-provence.eu\/?page_id=313"},"modified":"2023-09-14T13:22:33","modified_gmt":"2023-09-14T11:22:33","slug":"equipement","status":"publish","type":"page","link":"https:\/\/colline-venterol-provence.eu\/?page_id=313","title":{"rendered":"Equipement"},"content":{"rendered":"<p><strong>Cuisine<\/strong><\/p>\n<ul>\n<li>Four et cuisini\u00e8re avec 4 plaques de cuisson (trois au gaz et une \u00e9lectrique);<\/li>\n<li>Micro-onde;<\/li>\n<li>Lave-vaisselle;<\/li>\n<li>Frigo;<\/li>\n<li>Machine \u00e0 caf\u00e9;<\/li>\n<li>Couverts, verres, vaisselle et ustensiles pour 18 personnes.<\/li>\n<\/ul>\n<p><strong>Salon &#8211; Salle \u00e0 Manger<\/strong><\/p>\n<ul>\n<li>Grande table et 10 chaises;<\/li>\n<li>Canap\u00e9 2 places;<\/li>\n<li>Table basse;<\/li>\n<li>Canap\u00e9 convertible 3 places pouvant se transformer en un lit confortable pour deux personnes;<\/li>\n<li>Buffet;<\/li>\n<li>T\u00e9l\u00e9vision.<\/li>\n<\/ul>\n<p><strong>Cellier<\/strong><\/p>\n<ul>\n<li>Lave-linge;<\/li>\n<li>Grand frigo-cong\u00e9lateur combin\u00e9.<\/li>\n<\/ul>\n<p><strong>Divers<\/strong><\/p>\n<ul>\n<li>Wifi;<\/li>\n<li>BBQ au charbon de bois;<\/li>\n<li>BBQ au gaz;<\/li>\n<li>Brasero;<\/li>\n<li>Table de ping-pong;<\/li>\n<li>8 si\u00e8ges de jardin &#8220;bain de soleil&#8221;;<\/li>\n<li>Salon de jardin;<\/li>\n<li>20 chaises de terrasses;<\/li>\n<li>2 petites tables et 3 grandes tables de terrasse.<\/li>\n<\/ul>\n<div id=\"ConnectiveDocSignExtentionInstalled\" data-extension-version=\"1.0.4\"><\/div>\n","protected":false},"excerpt":{"rendered":"<p>Cuisine Four et cuisini\u00e8re avec 4 plaques de cuisson (trois au gaz et une \u00e9lectrique); Micro-onde; Lave-vaisselle; Frigo; Machine \u00e0 caf\u00e9; Couverts, verres, vaisselle et ustensiles pour 18 personnes. Salon &#8211; Salle \u00e0 Manger Grande table et 10 chaises; Canap\u00e9 2 places; Table basse; Canap\u00e9 convertible 3 places pouvant se transformer en un lit confortable&#8230;<\/p>\n","protected":false},"author":1,"featured_media":0,"parent":0,"menu_order":0,"comment_status":"closed","ping_status":"closed","template":"","meta":[],"_links":{"self":[{"href":"https:\/\/colline-venterol-provence.eu\/index.php?rest_route=\/wp\/v2\/pages\/313"}],"collection":[{"href":"https:\/\/colline-venterol-provence.eu\/index.php?rest_route=\/wp\/v2\/pages"}],"about":[{"href":"https:\/\/colline-venterol-provence.eu\/index.php?rest_route=\/wp\/v2\/types\/page"}],"author":[{"embeddable":true,"href":"https:\/\/colline-venterol-provence.eu\/index.php?rest_route=\/wp\/v2\/users\/1"}],"replies":[{"embeddable":true,"href":"https:\/\/colline-venterol-provence.eu\/index.php?rest_route=%2Fwp%2Fv2%2Fcomments&post=313"}],"version-history":[{"count":9,"href":"https:\/\/colline-venterol-provence.eu\/index.php?rest_route=\/wp\/v2\/pages\/313\/revisions"}],"predecessor-version":[{"id":888,"href":"https:\/\/colline-venterol-provence.eu\/index.php?rest_route=\/wp\/v2\/pages\/313\/revisions\/888"}],"wp:attachment":[{"href":"https:\/\/colline-venterol-provence.eu\/index.php?rest_route=%2Fwp%2Fv2%2Fmedia&parent=313"}],"curies":[{"name":"wp","href":"https:\/\/api.w.org\/{rel}","templated":true}]}}