{"id":398,"date":"2017-01-03T16:51:14","date_gmt":"2017-01-03T15:51:14","guid":{"rendered":"http:\/\/colline-venterol-provence.eu\/?page_id=398"},"modified":"2017-01-15T08:54:23","modified_gmt":"2017-01-15T07:54:23","slug":"liens-utiles","status":"publish","type":"page","link":"https:\/\/colline-venterol-provence.eu\/?page_id=398","title":{"rendered":"Liens utiles"},"content":{"rendered":"<p>Les sites suivants vous font sortir du site <a href=\"http:\/\/www.colline-venterol-provence.eu\">www.colline-venterol-provence.eu<\/a> et vous fourniront des informations utiles pour pr\u00e9parer et profiter au mieux de votre s\u00e9jour \u00e0 Venterol.<\/p>\n<p>Le site officiel de la <a href=\"http:\/\/venterol.net\/\">mairie de Venterol<\/a><\/p>\n<p>Le site officiel de l&#8217;<a href=\"https:\/\/www.paysdenyons.com\/fr\/\">office du tourisme du Pays de Nyons<\/a><\/p>\n<p>Le site officiel du <a href=\"http:\/\/www.paysdedieulefit.eu\">Pays de Dieulefit<\/a><\/p>\n<p>Le site officiel de <a href=\"http:\/\/www.vaison-la-romaine.com\">Vaison la Romaine<\/a><\/p>\n<p>Le site de la <a href=\"http:\/\/www.provence-a-velo.fr\">Provence \u00e0 V\u00e9lo<\/a><\/p>\n<p>&nbsp;<\/p>\n<p>&nbsp;<\/p>\n","protected":false},"excerpt":{"rendered":"<p>Les sites suivants vous font sortir du site www.colline-venterol-provence.eu et vous fourniront des informations utiles pour pr\u00e9parer et profiter au mieux de votre s\u00e9jour \u00e0 Venterol. Le site officiel de la mairie de Venterol Le site officiel de l&#8217;office du tourisme du Pays de Nyons Le site officiel du Pays de Dieulefit Le site officiel&#8230;<\/p>\n","protected":false},"author":1,"featured_media":0,"parent":0,"menu_order":0,"comment_status":"closed","ping_status":"closed","template":"","meta":[],"_links":{"self":[{"href":"https:\/\/colline-venterol-provence.eu\/index.php?rest_route=\/wp\/v2\/pages\/398"}],"collection":[{"href":"https:\/\/colline-venterol-provence.eu\/index.php?rest_route=\/wp\/v2\/pages"}],"about":[{"href":"https:\/\/colline-venterol-provence.eu\/index.php?rest_route=\/wp\/v2\/types\/page"}],"author":[{"embeddable":true,"href":"https:\/\/colline-venterol-provence.eu\/index.php?rest_route=\/wp\/v2\/users\/1"}],"replies":[{"embeddable":true,"href":"https:\/\/colline-venterol-provence.eu\/index.php?rest_route=%2Fwp%2Fv2%2Fcomments&post=398"}],"version-history":[{"count":5,"href":"https:\/\/colline-venterol-provence.eu\/index.php?rest_route=\/wp\/v2\/pages\/398\/revisions"}],"predecessor-version":[{"id":427,"href":"https:\/\/colline-venterol-provence.eu\/index.php?rest_route=\/wp\/v2\/pages\/398\/revisions\/427"}],"wp:attachment":[{"href":"https:\/\/colline-venterol-provence.eu\/index.php?rest_route=%2Fwp%2Fv2%2Fmedia&parent=398"}],"curies":[{"name":"wp","href":"https:\/\/api.w.org\/{rel}","templated":true}]}}