{"id":46,"date":"2017-01-01T13:17:13","date_gmt":"2017-01-01T12:17:13","guid":{"rendered":"http:\/\/colline-venterol-provence.eu\/?page_id=46"},"modified":"2023-04-22T17:30:46","modified_gmt":"2023-04-22T15:30:46","slug":"disponibilites","status":"publish","type":"page","link":"https:\/\/colline-venterol-provence.eu\/?page_id=46","title":{"rendered":"R\u00e9servations"},"content":{"rendered":"<p>Normalement, les arriv\u00e9es se font normalement apr\u00e8s 16h00 le premier jour de r\u00e9servation et l&#8217;acc\u00e8s \u00e0 la villa est garanti jusqu&#8217;\u00e0 10h00 du matin le jour de d\u00e9part. Cependant, si la villa n&#8217;est pas occup\u00e9e avant l&#8217;arriv\u00e9e ou apr\u00e8s le d\u00e9part, il est possible de modifier ces heures.<\/p>\n<p>Le <a href=\"https:\/\/www.papvacances.fr\/annonce\/location-maison-nyons-r207400931\">calendrier<\/a> sur le site PAPVacances reprend les p\u00e9riodes qui sont d\u00e9j\u00e0 r\u00e9serv\u00e9es. Pour r\u00e9server, merci d&#8217;envoyer un mail \u00e0 <a href=\"mailto:dacarati@gmail.com\">dacarati@gmail.cm<\/a> ou de t\u00e9l\u00e9phoner au +32-479.55.24.71<\/p>\n<div id=\"ConnectiveDocSignExtentionInstalled\" data-extension-version=\"1.0.4\">\u00a0<\/div>\n\n\n<p><\/p>\n","protected":false},"excerpt":{"rendered":"<p>Normalement, les arriv\u00e9es se font normalement apr\u00e8s 16h00 le premier jour de r\u00e9servation et l&#8217;acc\u00e8s \u00e0 la villa est garanti jusqu&#8217;\u00e0 10h00 du matin le jour de d\u00e9part. Cependant, si la villa n&#8217;est pas occup\u00e9e avant l&#8217;arriv\u00e9e ou apr\u00e8s le d\u00e9part, il est possible de modifier ces heures. Le calendrier sur le site PAPVacances reprend&#8230;<\/p>\n","protected":false},"author":1,"featured_media":0,"parent":0,"menu_order":0,"comment_status":"closed","ping_status":"closed","template":"","meta":[],"_links":{"self":[{"href":"https:\/\/colline-venterol-provence.eu\/index.php?rest_route=\/wp\/v2\/pages\/46"}],"collection":[{"href":"https:\/\/colline-venterol-provence.eu\/index.php?rest_route=\/wp\/v2\/pages"}],"about":[{"href":"https:\/\/colline-venterol-provence.eu\/index.php?rest_route=\/wp\/v2\/types\/page"}],"author":[{"embeddable":true,"href":"https:\/\/colline-venterol-provence.eu\/index.php?rest_route=\/wp\/v2\/users\/1"}],"replies":[{"embeddable":true,"href":"https:\/\/colline-venterol-provence.eu\/index.php?rest_route=%2Fwp%2Fv2%2Fcomments&post=46"}],"version-history":[{"count":16,"href":"https:\/\/colline-venterol-provence.eu\/index.php?rest_route=\/wp\/v2\/pages\/46\/revisions"}],"predecessor-version":[{"id":884,"href":"https:\/\/colline-venterol-provence.eu\/index.php?rest_route=\/wp\/v2\/pages\/46\/revisions\/884"}],"wp:attachment":[{"href":"https:\/\/colline-venterol-provence.eu\/index.php?rest_route=%2Fwp%2Fv2%2Fmedia&parent=46"}],"curies":[{"name":"wp","href":"https:\/\/api.w.org\/{rel}","templated":true}]}}