{"id":7,"date":"2016-12-31T17:42:42","date_gmt":"2016-12-31T16:42:42","guid":{"rendered":"http:\/\/colline-venterol-provence.eu\/?page_id=7"},"modified":"2023-09-14T13:26:01","modified_gmt":"2023-09-14T11:26:01","slug":"accueil","status":"publish","type":"page","link":"https:\/\/colline-venterol-provence.eu\/","title":{"rendered":"Description"},"content":{"rendered":"<p><em>This website is presently in French only. Please feel free to send all your questions by email or by phone in English.<\/em><\/p>\n<p style=\"text-align: center;\"><em><strong>Bienvenue \u00e0 Venterol, pr\u00e8s de Nyons en Drome proven\u00e7ale, o\u00f9 nous proposons une villa avec piscine \u00e0 louer.<\/strong><\/em><\/p>\n<p style=\"text-align: center;\"><em><strong>Elle peut accueillir 10 personnes dans un confort optimal pour des s\u00e9jours de quelques jours \u00e0 quelques semaines. Pour des s\u00e9jours de tr\u00e8s courtes dur\u00e9es, il est possible de loger jusqu&#8217;\u00e0 12 personnes en utilisant le canap\u00e9 convertible du salon.<br \/>\n<\/strong><\/em><\/p>\n<p>Elle comprend au <strong>rez de chauss\u00e9e<\/strong> :<\/p>\n<ul>\n<li>Un grand salon avec un canap\u00e9 convertible pour deux personnes;<\/li>\n<li>Une cuisine am\u00e9ricaine;<\/li>\n<li>Une salle de bain avec douche italienne, baignoire et deux \u00e9viers;<\/li>\n<li>Un WC s\u00e9par\u00e9;<\/li>\n<li>Deux chambres pour deux personnes (lit de 1m60) s\u00e9par\u00e9es par un grand dressing;<\/li>\n<li>Un garage et une petite pi\u00e8ce de rangement avec lave-linge et combin\u00e9 cong\u00e9lateur-frigo.<\/li>\n<\/ul>\n<p>et au <strong>premier \u00e9tage<\/strong><\/p>\n<ul>\n<li>Trois chambres, chacune pour deux personnes (deux avec un lit de 1m60 et une avec deux lits de 90cm);<\/li>\n<li>Une salle de bain avec douche, WC et un \u00e9vier.<\/li>\n<\/ul>\n<p>L&#8217;<strong>ext\u00e9rieur<\/strong> est compos\u00e9 d&#8217;une grande terrasse de plus de 100 m\u00e8tres carr\u00e9s avec mobilier d&#8217;ext\u00e9rieur et une pergola fort utile en \u00e9t\u00e9 pour le petit-d\u00e9jeuner et le d\u00e9but d&#8217;apr\u00e8s-midi. La propri\u00e9t\u00e9 s&#8217;\u00e9tend sur une colline bois\u00e9e sur plus de 20 ares o\u00f9 vous pourrez cueillir du romarin et du thym. Une petite terrasse de 20 m\u00e8tres carr\u00e9s dans la colline surplombe la maison et les champs avoisinants.<\/p>\n<p>La <strong>piscine chauff\u00e9e\u00a0<\/strong>de 10m x 5m est accessible par un escalier large menant aux petites profondeurs de l&#8217;ordre de 80cm, tr\u00e8s pratique pour les enfants. La plus grande profondeur est un peu moins de 2m. La piscine est entour\u00e9e d&#8217;une grande terrasse, cl\u00f4tur\u00e9e par une barri\u00e8re aux normes NF P90-306. Un d\u00e9tecteur de mouvements aux normes NF P90-307 est \u00e9galement pr\u00e9sent et, s&#8217;il est activ\u00e9, il d\u00e9clenche une alarme lorsque quelqu&#8217;un rentre dans l&#8217;eau sans avoir introduit un code de s\u00e9curit\u00e9. La piscine est normalement ouverte de mai \u00e0 septembre. La pompe \u00e0 chaleur garantit une temp\u00e9rature minimale de l&#8217;eau de 27\u00b0 pendant cette p\u00e9riode.<\/p>\n","protected":false},"excerpt":{"rendered":"<p>This website is presently in French only. Please feel free to send all your questions by email or by phone in English. Bienvenue \u00e0 Venterol, pr\u00e8s de Nyons en Drome proven\u00e7ale, o\u00f9 nous proposons une villa avec piscine \u00e0 louer. Elle peut accueillir 10 personnes dans un confort optimal pour des s\u00e9jours de quelques jours&#8230;<\/p>\n","protected":false},"author":1,"featured_media":0,"parent":0,"menu_order":0,"comment_status":"closed","ping_status":"closed","template":"nosidebar.php","meta":[],"_links":{"self":[{"href":"https:\/\/colline-venterol-provence.eu\/index.php?rest_route=\/wp\/v2\/pages\/7"}],"collection":[{"href":"https:\/\/colline-venterol-provence.eu\/index.php?rest_route=\/wp\/v2\/pages"}],"about":[{"href":"https:\/\/colline-venterol-provence.eu\/index.php?rest_route=\/wp\/v2\/types\/page"}],"author":[{"embeddable":true,"href":"https:\/\/colline-venterol-provence.eu\/index.php?rest_route=\/wp\/v2\/users\/1"}],"replies":[{"embeddable":true,"href":"https:\/\/colline-venterol-provence.eu\/index.php?rest_route=%2Fwp%2Fv2%2Fcomments&post=7"}],"version-history":[{"count":28,"href":"https:\/\/colline-venterol-provence.eu\/index.php?rest_route=\/wp\/v2\/pages\/7\/revisions"}],"predecessor-version":[{"id":890,"href":"https:\/\/colline-venterol-provence.eu\/index.php?rest_route=\/wp\/v2\/pages\/7\/revisions\/890"}],"wp:attachment":[{"href":"https:\/\/colline-venterol-provence.eu\/index.php?rest_route=%2Fwp%2Fv2%2Fmedia&parent=7"}],"curies":[{"name":"wp","href":"https:\/\/api.w.org\/{rel}","templated":true}]}}