{"id":841,"date":"2019-08-25T17:07:37","date_gmt":"2019-08-25T15:07:37","guid":{"rendered":"http:\/\/colline-venterol-provence.eu\/?page_id=841"},"modified":"2019-08-26T06:24:56","modified_gmt":"2019-08-26T04:24:56","slug":"videos","status":"publish","type":"page","link":"https:\/\/colline-venterol-provence.eu\/?page_id=841","title":{"rendered":"Vid\u00e9os"},"content":{"rendered":"<p>Vid\u00e9os vues du ciel tourn\u00e9es en juillet 2019 gr\u00e2ce \u00e0 un drone<\/p>\n\n\n<figure class=\"wp-block-video aligncenter\"><video controls src=\"http:\/\/colline-venterol-provence.eu\/wp-content\/uploads\/2019\/08\/vide\u0301o-1.mp4\"><\/video><\/figure>\n\n\n\n<figure class=\"wp-block-video aligncenter\"><video controls src=\"http:\/\/colline-venterol-provence.eu\/wp-content\/uploads\/2019\/08\/vide\u0301o-2.mp4\"><\/video><\/figure>\n","protected":false},"excerpt":{"rendered":"<p>Vid\u00e9os vues du ciel tourn\u00e9es en juillet 2019 gr\u00e2ce \u00e0 un drone<\/p>\n","protected":false},"author":1,"featured_media":0,"parent":0,"menu_order":0,"comment_status":"closed","ping_status":"closed","template":"","meta":[],"_links":{"self":[{"href":"https:\/\/colline-venterol-provence.eu\/index.php?rest_route=\/wp\/v2\/pages\/841"}],"collection":[{"href":"https:\/\/colline-venterol-provence.eu\/index.php?rest_route=\/wp\/v2\/pages"}],"about":[{"href":"https:\/\/colline-venterol-provence.eu\/index.php?rest_route=\/wp\/v2\/types\/page"}],"author":[{"embeddable":true,"href":"https:\/\/colline-venterol-provence.eu\/index.php?rest_route=\/wp\/v2\/users\/1"}],"replies":[{"embeddable":true,"href":"https:\/\/colline-venterol-provence.eu\/index.php?rest_route=%2Fwp%2Fv2%2Fcomments&post=841"}],"version-history":[{"count":6,"href":"https:\/\/colline-venterol-provence.eu\/index.php?rest_route=\/wp\/v2\/pages\/841\/revisions"}],"predecessor-version":[{"id":856,"href":"https:\/\/colline-venterol-provence.eu\/index.php?rest_route=\/wp\/v2\/pages\/841\/revisions\/856"}],"wp:attachment":[{"href":"https:\/\/colline-venterol-provence.eu\/index.php?rest_route=%2Fwp%2Fv2%2Fmedia&parent=841"}],"curies":[{"name":"wp","href":"https:\/\/api.w.org\/{rel}","templated":true}]}}